{"id":31,"date":"2025-06-26T15:01:40","date_gmt":"2025-06-26T14:01:40","guid":{"rendered":"https:\/\/drfritz.nl\/en\/?page_id=31"},"modified":"2025-07-05T18:42:34","modified_gmt":"2025-07-05T17:42:34","slug":"a-m-o-r-therapy","status":"publish","type":"page","link":"https:\/\/drfritz.nl\/en\/spiritual-surgery-and-a-m-o-r-therapy\/a-m-o-r-therapy\/","title":{"rendered":"A.M.O.R. Therapy"},"content":{"rendered":"\n<p style=\"padding-top:0\"><strong><a href=\"https:\/\/drfritz.nl\/en\/\">HOME<\/a><\/strong>&nbsp;&gt; <a href=\"https:\/\/drfritz.nl\/en\/spiritual-surgery-and-a-m-o-r-therapy\/\" data-type=\"page\" data-id=\"27\">Spiritual Surgery and A.M.O.R. Therapy<\/a> &gt; A.M.O.R. Therapy<\/p>\n\n\n\n<h1 class=\"wp-block-heading has-text-align-center\">A.M.O.R. Therapy<\/h1>\n\n\n\n<h3 class=\"wp-block-heading has-text-align-center has-large-font-size\">A Holistic Approach to Emotional Well-Being<\/h3>\n\n\n\n<p class=\"has-text-align-left\"><strong>A.M.O.R. Therapy<\/strong>\u2014an acronym for <strong>Welcoming (Acolhimento), Mercy (Miseric\u00f3rdia), Guidance (Orienta\u00e7\u00e3o), and Reaction (Rea\u00e7\u00e3o)<\/strong>\u2014is a unique spiritual healing approach developed under the guidance of <strong>Dr. Fritz<\/strong> and <strong>Pai Joaquim<\/strong>.<br>This method blends <strong>color therapy<\/strong> and <strong>music therapy<\/strong> to offer a deeply restorative experience.<\/p>\n\n\n\n<hr class=\"wp-block-separator has-alpha-channel-opacity\"\/>\n\n\n\n<h2 class=\"wp-block-heading has-text-align-center has-large-font-size\">\ud83c\udfaf <strong>What Is the Purpose of A.M.O.R. Therapy?<\/strong><\/h2>\n\n\n\n<div class=\"wp-block-columns is-layout-flex wp-container-core-columns-is-layout-28f84493 wp-block-columns-is-layout-flex\">\n<div class=\"wp-block-column is-layout-flow wp-block-column-is-layout-flow\">\n<figure class=\"wp-block-image size-full is-resized\"><img decoding=\"async\" src=\"http:\/\/drfritz.nl\/wp-content\/uploads\/2024\/07\/amorTherapie2.jpg\" alt=\"\" class=\"wp-image-154\" style=\"width:392px;height:auto\"\/><\/figure>\n<\/div>\n\n\n\n<div class=\"wp-block-column is-vertically-aligned-center is-layout-flow wp-container-core-column-is-layout-e0eb1e9e wp-block-column-is-layout-flow\" style=\"padding-right:0;padding-left:0\">\n<p>A.M.O.R. Therapy is designed to support individuals who are facing:<\/p>\n\n\n\n<ul class=\"wp-block-list\">\n<li>Feelings of depression<\/li>\n\n\n\n<li>Anxiety and tension<\/li>\n\n\n\n<li>Sadness<\/li>\n\n\n\n<li>Other emotional challenges<\/li>\n<\/ul>\n\n\n\n<p>This therapy recognizes that emotional symptoms may have multiple root causes, including:<\/p>\n\n\n\n<ul class=\"wp-block-list\">\n<li>Physical factors<\/li>\n\n\n\n<li>Psychological influences<\/li>\n\n\n\n<li>Energetic imbalances<\/li>\n\n\n\n<li>Spiritual distress<\/li>\n<\/ul>\n<\/div>\n<\/div>\n\n\n\n<p>Through a <strong>holistic lens<\/strong>, A.M.O.R. Therapy promotes emotional balance and overall well-being.<\/p>\n\n\n\n<hr class=\"wp-block-separator has-alpha-channel-opacity\"\/>\n\n\n\n<h2 class=\"wp-block-heading has-text-align-center has-large-font-size\">\ud83e\udde0 <strong>Support for Psychosomatic and Mental Health Challenges<\/strong><\/h2>\n\n\n\n<div class=\"wp-block-columns is-layout-flex wp-container-core-columns-is-layout-28f84493 wp-block-columns-is-layout-flex\">\n<div class=\"wp-block-column is-vertically-aligned-center is-layout-flow wp-block-column-is-layout-flow\" style=\"flex-basis:75%\">\n<p>This therapy can also provide relief for:<\/p>\n\n\n\n<ul class=\"wp-block-list\">\n<li>Psychosomatic symptoms<\/li>\n\n\n\n<li>Depressive disorders<\/li>\n\n\n\n<li>Anxiety<\/li>\n\n\n\n<li>Deep sadness<\/li>\n\n\n\n<li>Emotional distress<\/li>\n\n\n\n<li>Dissociative symptoms<\/li>\n\n\n\n<li>Persistent negative thoughts<\/li>\n\n\n\n<li>Prevention of suicidal ideation<\/li>\n<\/ul>\n<\/div>\n\n\n\n<div class=\"wp-block-column is-vertically-aligned-center is-layout-flow wp-block-column-is-layout-flow\" style=\"flex-basis:25%\">\n<figure class=\"wp-block-gallery has-nested-images columns-default is-cropped wp-block-gallery-1 is-layout-flex wp-block-gallery-is-layout-flex\">\n<figure class=\"wp-block-image size-full is-style-rounded\"><img decoding=\"async\" data-id=\"162\" src=\"https:\/\/drfritz.nl\/wp-content\/uploads\/2024\/07\/amorTherapie4.jpg\" alt=\"\" class=\"wp-image-162\"\/><\/figure>\n<\/figure>\n<\/div>\n<\/div>\n\n\n\n<hr class=\"wp-block-separator has-alpha-channel-opacity\"\/>\n\n\n\n<div class=\"wp-block-columns is-layout-flex wp-container-core-columns-is-layout-28f84493 wp-block-columns-is-layout-flex\">\n<div class=\"wp-block-column is-layout-flow wp-block-column-is-layout-flow\" style=\"flex-basis:100%\">\n<div class=\"wp-block-columns is-layout-flex wp-container-core-columns-is-layout-28f84493 wp-block-columns-is-layout-flex\">\n<div class=\"wp-block-column is-vertically-aligned-center is-layout-flow wp-block-column-is-layout-flow\" style=\"flex-basis:15%\">\n<figure class=\"wp-block-image aligncenter size-full\"><img decoding=\"async\" src=\"http:\/\/drfritz.nl\/wp-content\/uploads\/2024\/07\/exclamation.gif\" alt=\"\" class=\"wp-image-153\" style=\"object-fit:cover\"\/><\/figure>\n<\/div>\n\n\n\n<div class=\"wp-block-column is-layout-flow wp-block-column-is-layout-flow\" style=\"flex-basis:85%\">\n<h3 class=\"wp-block-heading has-large-font-size\">Your Role in the Healing Process<\/h3>\n\n\n\n<p>A.M.O.R. Therapy is <strong>completely non-invasive<\/strong>, and its effectiveness depends largely on your <strong>inner openness<\/strong> and willingness to follow the guidance provided during the session.<br>Your <strong>active participation<\/strong> and <strong>readiness to engage<\/strong> are essential in achieving the best possible outcomes.<\/p>\n<\/div>\n<\/div>\n<\/div>\n<\/div>\n\n\n\n<hr class=\"wp-block-separator has-alpha-channel-opacity\"\/>\n\n\n\n<p><strong>More Than a Treatment\u2014A Path to Inner Healing<\/strong><\/p>\n\n\n\n<p>A.M.O.R. Therapy goes beyond a simple therapeutic session. It is a journey of <strong>emotional restoration<\/strong> and <strong>reconnection with your inner balance<\/strong>.<br>By combining multiple healing techniques, this therapy offers a real opportunity for <strong>positive transformation<\/strong>.<\/p>\n\n\n\n<p><strong>Open yourself to the healing experience of A.M.O.R. Therapy<\/strong><br>and discover how it can bring meaningful, lasting change to your life.<\/p>\n\n\n\n<figure class=\"wp-block-gallery has-nested-images columns-default is-cropped wp-block-gallery-2 is-layout-flex wp-block-gallery-is-layout-flex\">\n<figure class=\"wp-block-image size-full\"><img decoding=\"async\" data-id=\"165\" src=\"https:\/\/drfritz.nl\/wp-content\/uploads\/2024\/07\/amorTherapie5.jpg\" alt=\"\" class=\"wp-image-165\"\/><figcaption class=\"wp-element-caption\"><strong>Nederland<\/strong><\/figcaption><\/figure>\n\n\n\n<figure class=\"wp-block-image size-large\"><img decoding=\"async\" data-id=\"164\" src=\"https:\/\/drfritz.nl\/wp-content\/uploads\/2024\/07\/amorTherapie3.jpg\" alt=\"\" class=\"wp-image-164\"\/><figcaption class=\"wp-element-caption\">Denemarken<\/figcaption><\/figure>\n\n\n\n<figure class=\"wp-block-image size-large\"><img decoding=\"async\" data-id=\"166\" src=\"https:\/\/drfritz.nl\/wp-content\/uploads\/2024\/07\/amorTherapie1.jpg\" alt=\"\" class=\"wp-image-166\"\/><figcaption class=\"wp-element-caption\">Brazili\u00eb<\/figcaption><\/figure>\n<\/figure>\n\n\n\n<p><\/p>\n","protected":false},"excerpt":{"rendered":"<p>HOME&nbsp;&gt; Spiritual Surgery and A.M.O.R. Therapy &gt; A.M.O.R. Therapy A.M.O.R. Therapy A Holistic Approach to Emotional Well-Being A.M.O.R. Therapy\u2014an acronym for Welcoming (Acolhimento), Mercy (Miseric\u00f3rdia), Guidance (Orienta\u00e7\u00e3o), and Reaction (Rea\u00e7\u00e3o)\u2014is a unique spiritual healing approach developed under the guidance of Dr. Fritz and Pai Joaquim.This method blends color therapy and music therapy to offer a [&hellip;]<\/p>\n","protected":false},"author":1,"featured_media":0,"parent":27,"menu_order":0,"comment_status":"closed","ping_status":"closed","template":"no-title-space","meta":{"footnotes":""},"class_list":["post-31","page","type-page","status-publish","hentry"],"_links":{"self":[{"href":"https:\/\/drfritz.nl\/en\/wp-json\/wp\/v2\/pages\/31","targetHints":{"allow":["GET"]}}],"collection":[{"href":"https:\/\/drfritz.nl\/en\/wp-json\/wp\/v2\/pages"}],"about":[{"href":"https:\/\/drfritz.nl\/en\/wp-json\/wp\/v2\/types\/page"}],"author":[{"embeddable":true,"href":"https:\/\/drfritz.nl\/en\/wp-json\/wp\/v2\/users\/1"}],"replies":[{"embeddable":true,"href":"https:\/\/drfritz.nl\/en\/wp-json\/wp\/v2\/comments?post=31"}],"version-history":[{"count":5,"href":"https:\/\/drfritz.nl\/en\/wp-json\/wp\/v2\/pages\/31\/revisions"}],"predecessor-version":[{"id":119,"href":"https:\/\/drfritz.nl\/en\/wp-json\/wp\/v2\/pages\/31\/revisions\/119"}],"up":[{"embeddable":true,"href":"https:\/\/drfritz.nl\/en\/wp-json\/wp\/v2\/pages\/27"}],"wp:attachment":[{"href":"https:\/\/drfritz.nl\/en\/wp-json\/wp\/v2\/media?parent=31"}],"curies":[{"name":"wp","href":"https:\/\/api.w.org\/{rel}","templated":true}]}}