{"id":23,"date":"2025-06-22T22:38:13","date_gmt":"2025-06-22T21:38:13","guid":{"rendered":"https:\/\/drfritz.nl\/pt\/?page_id=23"},"modified":"2026-03-06T22:31:13","modified_gmt":"2026-03-06T22:31:13","slug":"cirurgia-espiritual-e-terapia-a-m-o-r","status":"publish","type":"page","link":"https:\/\/drfritz.nl\/pt\/cirurgia-espiritual-e-terapia-a-m-o-r\/","title":{"rendered":"Cirurgia Espiritual e Terapia A.M.O.R."},"content":{"rendered":"\n<p><a href=\"https:\/\/drfritz.nl\/\" data-type=\"page\" data-id=\"531\"><\/a><strong><a href=\"https:\/\/drfritz.nl\/pt\/\" data-type=\"page\" data-id=\"50\">HOME<\/a> <\/strong>&gt; Cirurgia Espiritual e Terapia A.M.O.R.<\/p>\n\n\n\n<h1 class=\"wp-block-heading has-text-align-center\" style=\"padding-top:var(--wp--preset--spacing--medium);padding-bottom:var(--wp--preset--spacing--medium)\">Cirurgia Espiritual e Terapia A.M.O.R.<\/h1>\n\n\n\n<p>Participe de um evento espiritual especial com dois tratamentos transformadores. Sob a orienta\u00e7\u00e3o do esp\u00edrito <strong>Dr. Fritz<\/strong>, esse processo n\u00e3o invasivo oferece suporte ao bem-estar <strong>f\u00edsico, emocional e espiritual<\/strong>.<\/p>\n\n\n\n<h3 class=\"wp-block-heading\">Cirurgia Espiritual<\/h3>\n\n\n\n<p>A <strong>Cirurgia Espiritual<\/strong> atua no desbloqueio de <strong>barreiras profundas<\/strong> por meio de trabalho energ\u00e9tico, sem qualquer interven\u00e7\u00e3o f\u00edsica. <a href=\"https:\/\/drfritz.nl\/pt\/cirurgia-espiritual-e-terapia-a-m-o-r\/cirurgia-espiritual\/\" data-type=\"page\" data-id=\"25\">mais informa\u00e7\u00f5es<\/a><\/p>\n\n\n\n<h3 class=\"wp-block-heading\">A.M.O.R Terapia<\/h3>\n\n\n\n<p><strong>A.M.O.R.<\/strong> \u00e9 um acr\u00f4nimo de <strong>Acolhimento, Miseric\u00f3rdia, Orienta\u00e7\u00e3o e Rea\u00e7\u00e3o<\/strong>.<br>Essa terapia combina <strong>cromoterapia<\/strong> e <strong>musicoterapia<\/strong> para promover o <strong>equil\u00edbrio emocional<\/strong> e o <strong>bem-estar mental<\/strong>.<a href=\"https:\/\/drfritz.nl\/pt\/cirurgia-espiritual-e-terapia-a-m-o-r\/terapia-a-m-o-r\/\" data-type=\"page\" data-id=\"27\"> mais informa\u00e7\u00f5es<\/a><\/p>\n\n\n\n<hr class=\"wp-block-separator has-alpha-channel-opacity\"\/>\n\n\n\n<div class=\"wp-block-columns is-layout-flex wp-container-core-columns-is-layout-28f84493 wp-block-columns-is-layout-flex\">\n<div class=\"wp-block-column is-layout-flow wp-block-column-is-layout-flow\">\n<p class=\"has-text-align-center has-large-font-size\">\ud83d\udcc5 <strong>Data:<\/strong> 16 e 17 de maio, 2026<\/p>\n\n\n\n<p class=\"has-text-align-center\">\ud83d\udd58 <strong>10:00 \u2013 14:00<\/strong><br>Cirurgia Espiritual<\/p>\n\n\n\n<p class=\"has-text-align-center\"><strong>\ud83d\udd58 14:00 \u2013 15:30:00<\/strong><br>Palestra Especial<\/p>\n\n\n\n<p class=\"has-text-align-center\"><strong>\ud83d\udd58 16:00 \u2013 20:00<\/strong><br>Terapia A.M.O.R.<\/p>\n\n\n\n<div class=\"wp-block-buttons is-content-justification-center is-layout-flex wp-container-core-buttons-is-layout-a89b3969 wp-block-buttons-is-layout-flex\">\n<div class=\"wp-block-button\"><a class=\"wp-block-button__link wp-element-button\" href=\"https:\/\/drfritz.nl\/pt\/inscricao\/\">Inscreva-se agora<\/a><\/div>\n<\/div>\n<\/div>\n\n\n\n<div class=\"wp-block-column is-layout-flow wp-block-column-is-layout-flow\">\n<p class=\"has-text-align-center has-large-font-size\">\ud83d\udccd <strong>Endere\u00e7o:<\/strong><\/p>\n\n\n\n<p><strong>Wijkcentrum Wijkwaard<\/strong><br><a href=\"https:\/\/maps.app.goo.gl\/6LkLtuxgKW21ozG36\">Muiderwaard 236 D, 1824 XV Alkmaar<\/a><\/p>\n\n\n\n<center><iframe src=\"https:\/\/www.google.com\/maps\/embed?pb=!1m18!1m12!1m3!1d1525.0143348627591!2d4.746198878035598!3d52.64535659061861!2m3!1f0!2f0!3f0!3m2!1i1024!2i768!4f13.1!3m3!1m2!1s0x47cf57ad3bd5a4db%3A0x5d078ca4edd798c3!2sNeighborhood%20community%20center%20Worth!5e0!3m2!1sen!2snl!4v1750515615438!5m2!1sen!2snl\" width=\"100%\" height=\"370\" style=\"border:0;\" allowfullscreen=\"\" loading=\"lazy\" referrerpolicy=\"no-referrer-when-downgrade\"><\/iframe><\/center>\n<\/div>\n<\/div>\n\n\n\n<hr class=\"wp-block-separator has-alpha-channel-opacity\"\/>\n\n\n\n<h3 class=\"wp-block-heading\">Contribui\u00e7\u00e3o solid\u00e1ria<\/h3>\n\n\n\n<p>A contribui\u00e7\u00e3o sugerida \u00e9 de <strong>\u20ac 30,00<\/strong> por tratamento, mas incentivamos aqueles que puderem contribuir com mais a optarem pela <strong>contribui\u00e7\u00e3o solid\u00e1ria<\/strong>, ajudando assim outras pessoas que n\u00e3o t\u00eam condi\u00e7\u00f5es financeiras de participar.<\/p>\n\n\n\n<p>\ud83d\udcac <strong>Gostaria de participar, mas n\u00e3o pode pagar?<\/strong><br>Entre em contato conosco pelo WhatsApp ou pelo e-mail <strong><a href=\"info@drfritz.nl\" data-type=\"link\" data-id=\"info@drfritz.nl\">info@drfritz.nl<\/a><\/strong> \u2014 teremos alegria em ajudar voc\u00ea a estar presente.<\/p>\n\n\n\n<p>Todas as contribui\u00e7\u00f5es recebidas s\u00e3o destinadas \u00e0 cobertura dos custos do evento.<br>Qualquer valor excedente ser\u00e1 doado ao <strong>Instituto Adolph Fritz<\/strong>, que atualmente apoia mais de <strong>12 projetos sociais no Brasil<\/strong>.<\/p>\n","protected":false},"excerpt":{"rendered":"<p>HOME &gt; Cirurgia Espiritual e Terapia A.M.O.R. Cirurgia Espiritual e Terapia A.M.O.R. Participe de um evento espiritual especial com dois tratamentos transformadores. Sob a orienta\u00e7\u00e3o do esp\u00edrito Dr. Fritz, esse processo n\u00e3o invasivo oferece suporte ao bem-estar f\u00edsico, emocional e espiritual. Cirurgia Espiritual A Cirurgia Espiritual atua no desbloqueio de barreiras profundas por meio de [&hellip;]<\/p>\n","protected":false},"author":1,"featured_media":0,"parent":0,"menu_order":0,"comment_status":"closed","ping_status":"closed","template":"no-title-space","meta":{"footnotes":""},"class_list":["post-23","page","type-page","status-publish","hentry"],"_links":{"self":[{"href":"https:\/\/drfritz.nl\/pt\/wp-json\/wp\/v2\/pages\/23","targetHints":{"allow":["GET"]}}],"collection":[{"href":"https:\/\/drfritz.nl\/pt\/wp-json\/wp\/v2\/pages"}],"about":[{"href":"https:\/\/drfritz.nl\/pt\/wp-json\/wp\/v2\/types\/page"}],"author":[{"embeddable":true,"href":"https:\/\/drfritz.nl\/pt\/wp-json\/wp\/v2\/users\/1"}],"replies":[{"embeddable":true,"href":"https:\/\/drfritz.nl\/pt\/wp-json\/wp\/v2\/comments?post=23"}],"version-history":[{"count":17,"href":"https:\/\/drfritz.nl\/pt\/wp-json\/wp\/v2\/pages\/23\/revisions"}],"predecessor-version":[{"id":192,"href":"https:\/\/drfritz.nl\/pt\/wp-json\/wp\/v2\/pages\/23\/revisions\/192"}],"wp:attachment":[{"href":"https:\/\/drfritz.nl\/pt\/wp-json\/wp\/v2\/media?parent=23"}],"curies":[{"name":"wp","href":"https:\/\/api.w.org\/{rel}","templated":true}]}}