{"id":25,"date":"2025-06-22T22:42:54","date_gmt":"2025-06-22T21:42:54","guid":{"rendered":"https:\/\/drfritz.nl\/pt\/?page_id=25"},"modified":"2025-10-09T09:35:27","modified_gmt":"2025-10-09T08:35:27","slug":"cirurgia-espiritual","status":"publish","type":"page","link":"https:\/\/drfritz.nl\/pt\/cirurgia-espiritual-e-terapia-a-m-o-r\/cirurgia-espiritual\/","title":{"rendered":"Cirurgia Espiritual"},"content":{"rendered":"\n<p><a href=\"https:\/\/drfritz.nl\/\" data-type=\"page\" data-id=\"531\"><\/a><strong><a href=\"https:\/\/drfritz.nl\/pt\/\" data-type=\"link\" data-id=\"https:\/\/drfritz.nl\/pt\/\">HOME<\/a><\/strong> &gt; <a href=\"https:\/\/drfritz.nl\/pt\/cirurgia-espiritual-e-terapia-a-m-o-r\/\" data-type=\"page\" data-id=\"23\">Cirurgia Espiritual e Terapia A.M.O.R.<\/a> &gt; Cirurgia Espiritual<\/p>\n\n\n\n<h1 class=\"wp-block-heading has-text-align-center\" style=\"padding-top:var(--wp--preset--spacing--medium);padding-bottom:var(--wp--preset--spacing--medium)\">Cirurgia Espiritual<\/h1>\n\n\n\n<h3 class=\"wp-block-heading has-text-align-center\">Uma Abordagem Multidimensional da Cura<\/h3>\n\n\n\n<p>Descubra o poder da <strong>cura espiritual<\/strong>. Em nossa abordagem, vamos al\u00e9m do al\u00edvio dos sintomas f\u00edsicos. Enxergamos o ser humano como um ser complexo, composto por <strong>dimens\u00f5es f\u00edsicas, mentais, emocionais e espirituais<\/strong>.<\/p>\n\n\n\n<div class=\"wp-block-columns is-layout-flex wp-container-core-columns-is-layout-28f84493 wp-block-columns-is-layout-flex\">\n<div class=\"wp-block-column is-layout-flow wp-block-column-is-layout-flow\" style=\"flex-basis:33%\">\n<figure class=\"wp-block-image size-medium\"><img decoding=\"async\" src=\"https:\/\/drfritz.nl\/wp-content\/uploads\/2024\/07\/spiritueleChirurgie7-300x300.jpg\" alt=\"\" class=\"wp-image-100\"\/><\/figure>\n<\/div>\n\n\n\n<div class=\"wp-block-column is-vertically-aligned-center is-layout-flow wp-block-column-is-layout-flow\" style=\"flex-basis:67%\">\n<p>\u00c0s vezes, um sintoma tem origem no corpo f\u00edsico, por exemplo, ap\u00f3s um acidente \u2014 nesses casos, a melhora pode ser percebida rapidamente. Quando a origem \u00e9 emocional, espiritual ou mental, a recupera\u00e7\u00e3o pode levar mais tempo para se manifestar.<\/p>\n\n\n\n<p>Nossos tratamentos s\u00e3o <strong>n\u00e3o invasivos<\/strong> (sem cirurgias) e <strong>sem fins lucrativos<\/strong>. Trabalhamos na <strong>divulga\u00e7\u00e3o da cura espiritual<\/strong> baseada nos princ\u00edpios de <strong>Allan Kardec<\/strong>, combinando <strong>magnetismo humano e espiritual<\/strong>.<\/p>\n<\/div>\n<\/div>\n\n\n\n<hr class=\"wp-block-separator has-alpha-channel-opacity\"\/>\n\n\n\n<div class=\"wp-block-columns is-layout-flex wp-container-core-columns-is-layout-28f84493 wp-block-columns-is-layout-flex\">\n<div class=\"wp-block-column is-layout-flow wp-block-column-is-layout-flow\" style=\"flex-basis:100%\">\n<div class=\"wp-block-columns is-layout-flex wp-container-core-columns-is-layout-28f84493 wp-block-columns-is-layout-flex\">\n<div class=\"wp-block-column is-vertically-aligned-center is-layout-flow wp-block-column-is-layout-flow\" style=\"flex-basis:15%\">\n<figure class=\"wp-block-image aligncenter size-full\"><img decoding=\"async\" src=\"http:\/\/drfritz.nl\/wp-content\/uploads\/2024\/07\/exclamation.gif\" alt=\"\" class=\"wp-image-153\" style=\"object-fit:cover\"\/><\/figure>\n<\/div>\n\n\n\n<div class=\"wp-block-column is-layout-flow wp-block-column-is-layout-flow\" style=\"flex-basis:85%\">\n<h3 class=\"wp-block-heading\">A import\u00e2ncia do comprometimento pessoal<\/h3>\n\n\n\n<p>O sucesso do tratamento depende, em grande parte, da sua <strong>disposi\u00e7\u00e3o em manter-se aberto<\/strong> e em seguir as orienta\u00e7\u00f5es p\u00f3s-tratamento.<br>Sua <strong>participa\u00e7\u00e3o ativa e postura receptiva<\/strong> s\u00e3o fundamentais para tirar o m\u00e1ximo proveito dessa experi\u00eancia.<\/p>\n<\/div>\n<\/div>\n<\/div>\n<\/div>\n\n\n\n<hr class=\"wp-block-separator has-alpha-channel-opacity\"\/>\n\n\n\n<h2 class=\"wp-block-heading has-large-font-size\">Benef\u00edcios da Cirurgia Espiritual<\/h2>\n\n\n\n<div class=\"wp-block-columns is-layout-flex wp-container-core-columns-is-layout-28f84493 wp-block-columns-is-layout-flex\">\n<div class=\"wp-block-column is-layout-flow wp-block-column-is-layout-flow\" style=\"flex-basis:33.33%\">\n<figure class=\"wp-block-image size-full\"><img decoding=\"async\" src=\"http:\/\/drfritz.nl\/wp-content\/uploads\/2024\/07\/spiritueleChirurgie8.jpg\" alt=\"\" class=\"wp-image-98\"\/><\/figure>\n<\/div>\n\n\n\n<div class=\"wp-block-column is-vertically-aligned-center is-layout-flow wp-block-column-is-layout-flow\" style=\"flex-basis:66.66%\">\n<ul class=\"wp-block-list\">\n<li><strong>Tratar a causa, n\u00e3o s\u00f3 o sintoma<\/strong>: Buscamos a origem do problema para uma melhora profunda e duradoura.<\/li>\n<\/ul>\n\n\n\n<ul class=\"wp-block-list\">\n<li><strong>M\u00e9todo n\u00e3o invasivo<\/strong>: A cura ocorre sem cirurgias ou procedimentos f\u00edsicos \u2014 o al\u00edvio pode ser sentido rapidamente.<\/li>\n<\/ul>\n\n\n\n<ul class=\"wp-block-list\">\n<li><strong>Cura multidimensional<\/strong>: Cuidamos do seu bem-estar como um todo: f\u00edsico, mental, emocional e espiritual.<\/li>\n<\/ul>\n<\/div>\n<\/div>\n\n\n\n<hr class=\"wp-block-separator has-alpha-channel-opacity\"\/>\n\n\n\n<p>Mantenha-se aberto a essa <strong>experi\u00eancia \u00fanica de cura espiritual<\/strong>. Descubra como o <strong>magnetismo humano e espiritual<\/strong>, junto com a <strong>assist\u00eancia de m\u00e9dicos espirituais<\/strong>, pode transformar positivamente sua vida.<br><strong>Seu compromisso e abertura interior s\u00e3o a chave para uma melhora verdadeira e duradoura.<\/strong><\/p>\n\n\n\n<figure class=\"wp-block-gallery has-nested-images columns-default is-cropped wp-block-gallery-1 is-layout-flex wp-block-gallery-is-layout-flex\">\n<figure class=\"wp-block-image size-large\"><img decoding=\"async\" data-id=\"147\" src=\"https:\/\/drfritz.nl\/wp-content\/uploads\/2024\/07\/spiritueleChirurgie9.jpg\" alt=\"\" class=\"wp-image-147\"\/><figcaption class=\"wp-element-caption\">Nederlands<\/figcaption><\/figure>\n\n\n\n<figure class=\"wp-block-image size-medium\"><img decoding=\"async\" data-id=\"141\" src=\"https:\/\/drfritz.nl\/wp-content\/uploads\/2024\/07\/spiritueleChirurgie1-300x300.jpg\" alt=\"\" class=\"wp-image-141\"\/><figcaption class=\"wp-element-caption\">Brazili\u00eb<\/figcaption><\/figure>\n\n\n\n<figure class=\"wp-block-image size-large\"><img decoding=\"async\" data-id=\"140\" src=\"https:\/\/drfritz.nl\/wp-content\/uploads\/2024\/07\/spiritueleChirurgie5.jpg\" alt=\"\" class=\"wp-image-140\"\/><figcaption class=\"wp-element-caption\">Frankrijk<\/figcaption><\/figure>\n\n\n\n<figure class=\"wp-block-image size-large\"><img decoding=\"async\" data-id=\"142\" src=\"https:\/\/drfritz.nl\/wp-content\/uploads\/2024\/07\/spiritueleChirurgie2.jpg\" alt=\"\" class=\"wp-image-142\"\/><figcaption class=\"wp-element-caption\">Angola<\/figcaption><\/figure>\n\n\n\n<figure class=\"wp-block-image size-large\"><img decoding=\"async\" data-id=\"145\" src=\"https:\/\/drfritz.nl\/wp-content\/uploads\/2024\/07\/spiritueleChirurgie3.jpg\" alt=\"\" class=\"wp-image-145\"\/><figcaption class=\"wp-element-caption\">Denemarken<\/figcaption><\/figure>\n\n\n\n<figure class=\"wp-block-image size-large\"><img decoding=\"async\" data-id=\"143\" src=\"https:\/\/drfritz.nl\/wp-content\/uploads\/2024\/07\/spiritueleChirurgie4-1.jpg\" alt=\"\" class=\"wp-image-143\"\/><figcaption class=\"wp-element-caption\">Brazili\u00eb<\/figcaption><\/figure>\n<\/figure>\n","protected":false},"excerpt":{"rendered":"<p>HOME &gt; Cirurgia Espiritual e Terapia A.M.O.R. &gt; Cirurgia Espiritual Cirurgia Espiritual Uma Abordagem Multidimensional da Cura Descubra o poder da cura espiritual. Em nossa abordagem, vamos al\u00e9m do al\u00edvio dos sintomas f\u00edsicos. Enxergamos o ser humano como um ser complexo, composto por dimens\u00f5es f\u00edsicas, mentais, emocionais e espirituais. \u00c0s vezes, um sintoma tem origem [&hellip;]<\/p>\n","protected":false},"author":1,"featured_media":0,"parent":23,"menu_order":0,"comment_status":"closed","ping_status":"closed","template":"no-title-space","meta":{"footnotes":""},"class_list":["post-25","page","type-page","status-publish","hentry"],"_links":{"self":[{"href":"https:\/\/drfritz.nl\/pt\/wp-json\/wp\/v2\/pages\/25","targetHints":{"allow":["GET"]}}],"collection":[{"href":"https:\/\/drfritz.nl\/pt\/wp-json\/wp\/v2\/pages"}],"about":[{"href":"https:\/\/drfritz.nl\/pt\/wp-json\/wp\/v2\/types\/page"}],"author":[{"embeddable":true,"href":"https:\/\/drfritz.nl\/pt\/wp-json\/wp\/v2\/users\/1"}],"replies":[{"embeddable":true,"href":"https:\/\/drfritz.nl\/pt\/wp-json\/wp\/v2\/comments?post=25"}],"version-history":[{"count":3,"href":"https:\/\/drfritz.nl\/pt\/wp-json\/wp\/v2\/pages\/25\/revisions"}],"predecessor-version":[{"id":153,"href":"https:\/\/drfritz.nl\/pt\/wp-json\/wp\/v2\/pages\/25\/revisions\/153"}],"up":[{"embeddable":true,"href":"https:\/\/drfritz.nl\/pt\/wp-json\/wp\/v2\/pages\/23"}],"wp:attachment":[{"href":"https:\/\/drfritz.nl\/pt\/wp-json\/wp\/v2\/media?parent=25"}],"curies":[{"name":"wp","href":"https:\/\/api.w.org\/{rel}","templated":true}]}}