{"id":27,"date":"2025-06-22T22:50:28","date_gmt":"2025-06-22T21:50:28","guid":{"rendered":"https:\/\/drfritz.nl\/pt\/?page_id=27"},"modified":"2025-06-28T02:51:39","modified_gmt":"2025-06-28T01:51:39","slug":"terapia-a-m-o-r","status":"publish","type":"page","link":"https:\/\/drfritz.nl\/pt\/cirurgia-espiritual-e-terapia-a-m-o-r\/terapia-a-m-o-r\/","title":{"rendered":"Terapia A.M.O.R."},"content":{"rendered":"\n<p><a href=\"https:\/\/drfritz.nl\/\" data-type=\"page\" data-id=\"531\"><\/a><strong><a href=\"https:\/\/drfritz.nl\/pt\/\" data-type=\"link\" data-id=\"https:\/\/drfritz.nl\/pt\/\">HOME<\/a><\/strong> > <a href=\"https:\/\/drfritz.nl\/pt\/cirurgia-espiritual-e-terapia-a-m-o-r\/\" data-type=\"page\" data-id=\"23\">Cirurgia Espiritual e Terapia A.M.O.R.<\/a> > Terapia A.M.O.R.<\/p>\n\n\n\n<h1 class=\"wp-block-heading has-text-align-center\">Terapia A.M.O.R.<\/h1>\n\n\n\n<h3 class=\"wp-block-heading has-text-align-center has-large-font-size\">Uma Abordagem Hol\u00edstica para o Bem-Estar Emocional<\/h3>\n\n\n\n<p class=\"has-text-align-left\">A <strong>Terapia A.M.O.R.<\/strong> (acr\u00f4nimo de: <strong>Acolhimento, Miseric\u00f3rdia, Orienta\u00e7\u00e3o e Rea\u00e7\u00e3o<\/strong>) \u00e9 uma abordagem espiritual \u00fanica, desenvolvida pelo <strong>Dr. Fritz<\/strong> e <strong>Pai Joaquim<\/strong>.<br>Esse m\u00e9todo combina <strong>cromoterapia<\/strong> e <strong>musicoterapia<\/strong>, oferecendo uma experi\u00eancia de cura completa.<\/p>\n\n\n\n<hr class=\"wp-block-separator has-alpha-channel-opacity\"\/>\n\n\n\n<h2 class=\"wp-block-heading has-text-align-center has-large-font-size\">\ud83c\udfaf <strong>Qual \u00e9 o objetivo da Terapia A.M.O.R.?<\/strong><\/h2>\n\n\n\n<div class=\"wp-block-columns is-layout-flex wp-container-core-columns-is-layout-28f84493 wp-block-columns-is-layout-flex\">\n<div class=\"wp-block-column is-layout-flow wp-block-column-is-layout-flow\">\n<figure class=\"wp-block-image size-full is-resized\"><img decoding=\"async\" src=\"http:\/\/drfritz.nl\/wp-content\/uploads\/2024\/07\/amorTherapie2.jpg\" alt=\"\" class=\"wp-image-154\" style=\"width:392px;height:auto\"\/><\/figure>\n<\/div>\n\n\n\n<div class=\"wp-block-column is-vertically-aligned-center is-layout-flow wp-container-core-column-is-layout-e0eb1e9e wp-block-column-is-layout-flow\" style=\"padding-right:0;padding-left:0\">\n<p>A Terapia A.M.O.R. tem como foco apoiar pessoas que enfrentam:<\/p>\n\n\n\n<ul class=\"wp-block-list\">\n<li>Sentimentos de depress\u00e3o<\/li>\n\n\n\n<li>Ansiedade e tens\u00e3o<\/li>\n\n\n\n<li>Tristeza<\/li>\n\n\n\n<li>Outros desafios emocionais<\/li>\n<\/ul>\n\n\n\n<p>A terapia considera m\u00faltiplas origens desses sintomas, incluindo:<\/p>\n\n\n\n<ul class=\"wp-block-list\">\n<li>Fatores f\u00edsicos<\/li>\n\n\n\n<li>Psicol\u00f3gicos<\/li>\n\n\n\n<li>Energ\u00e9ticos<\/li>\n\n\n\n<li>Espirituais<\/li>\n<\/ul>\n<\/div>\n<\/div>\n\n\n\n<p>Com uma abordagem hol\u00edstica, a Terapia A.M.O.R. busca promover o <strong>equil\u00edbrio emocional<\/strong> e o bem-estar integral.<\/p>\n\n\n\n<hr class=\"wp-block-separator has-alpha-channel-opacity\"\/>\n\n\n\n<h2 class=\"wp-block-heading has-text-align-center has-large-font-size\">\ud83e\udde0 <strong>Apoio em casos de queixas psicossom\u00e1ticas<\/strong><\/h2>\n\n\n\n<div class=\"wp-block-columns is-layout-flex wp-container-core-columns-is-layout-28f84493 wp-block-columns-is-layout-flex\">\n<div class=\"wp-block-column is-vertically-aligned-center is-layout-flow wp-block-column-is-layout-flow\" style=\"flex-basis:75%\">\n<p>A terapia tamb\u00e9m oferece suporte para:<\/p>\n\n\n\n<ul class=\"wp-block-list\">\n<li>Queixas psicossom\u00e1ticas<\/li>\n\n\n\n<li>Transtornos depressivos<\/li>\n\n\n\n<li>Ansiedade<\/li>\n\n\n\n<li>Tristeza profunda<\/li>\n\n\n\n<li>Desafios mentais<\/li>\n\n\n\n<li>Sintomas dissociativos<\/li>\n\n\n\n<li>Pensamentos negativos<\/li>\n\n\n\n<li>Preven\u00e7\u00e3o de pensamentos suicidas<\/li>\n<\/ul>\n<\/div>\n\n\n\n<div class=\"wp-block-column is-vertically-aligned-center is-layout-flow wp-block-column-is-layout-flow\" style=\"flex-basis:25%\">\n<figure class=\"wp-block-gallery has-nested-images columns-default is-cropped wp-block-gallery-1 is-layout-flex wp-block-gallery-is-layout-flex\">\n<figure class=\"wp-block-image size-full is-style-rounded\"><img decoding=\"async\" data-id=\"162\" src=\"https:\/\/drfritz.nl\/wp-content\/uploads\/2024\/07\/amorTherapie4.jpg\" alt=\"\" class=\"wp-image-162\"\/><\/figure>\n<\/figure>\n<\/div>\n<\/div>\n\n\n\n<hr class=\"wp-block-separator has-alpha-channel-opacity\"\/>\n\n\n\n<div class=\"wp-block-columns is-layout-flex wp-container-core-columns-is-layout-28f84493 wp-block-columns-is-layout-flex\">\n<div class=\"wp-block-column is-layout-flow wp-block-column-is-layout-flow\" style=\"flex-basis:100%\">\n<div class=\"wp-block-columns is-layout-flex wp-container-core-columns-is-layout-28f84493 wp-block-columns-is-layout-flex\">\n<div class=\"wp-block-column is-vertically-aligned-center is-layout-flow wp-block-column-is-layout-flow\" style=\"flex-basis:15%\">\n<figure class=\"wp-block-image aligncenter size-full\"><img decoding=\"async\" src=\"http:\/\/drfritz.nl\/wp-content\/uploads\/2024\/07\/exclamation.gif\" alt=\"\" class=\"wp-image-153\" style=\"object-fit:cover\"\/><\/figure>\n<\/div>\n\n\n\n<div class=\"wp-block-column is-layout-flow wp-block-column-is-layout-flow\" style=\"flex-basis:85%\">\n<h3 class=\"wp-block-heading has-large-font-size\">O seu papel no processo<\/h3>\n\n\n\n<p>O sucesso da <strong>Terapia A.M.O.R.<\/strong>, que \u00e9 totalmente <strong>n\u00e3o invasiva<\/strong>, depende em grande parte da sua <strong>abertura interior<\/strong> e do <strong>seguimento das orienta\u00e7\u00f5es recebidas<\/strong>.<br>Sua <strong>participa\u00e7\u00e3o ativa e disposi\u00e7\u00e3o em colaborar<\/strong> s\u00e3o essenciais para tirar o m\u00e1ximo proveito do processo de cura.<\/p>\n<\/div>\n<\/div>\n<\/div>\n<\/div>\n\n\n\n<hr class=\"wp-block-separator has-alpha-channel-opacity\"\/>\n\n\n\n<p>A Terapia A.M.O.R. vai al\u00e9m de um simples tratamento, \u00e9 um caminho de <strong>restaura\u00e7\u00e3o emocional e reencontro com o equil\u00edbrio interior<\/strong>.<br>Ao combinar diferentes t\u00e9cnicas de cura, essa terapia oferece uma oportunidade real de transforma\u00e7\u00e3o.<\/p>\n\n\n\n<p>Abra-se para a experi\u00eancia de cura que a Terapia A.M.O.R. proporciona<br>e descubra como <strong>mudar positivamente a sua vida<\/strong>.<\/p>\n\n\n\n<figure class=\"wp-block-gallery has-nested-images columns-default is-cropped wp-block-gallery-2 is-layout-flex wp-block-gallery-is-layout-flex\">\n<figure class=\"wp-block-image size-full\"><img decoding=\"async\" data-id=\"165\" src=\"https:\/\/drfritz.nl\/wp-content\/uploads\/2024\/07\/amorTherapie5.jpg\" alt=\"\" class=\"wp-image-165\"\/><figcaption class=\"wp-element-caption\"><strong>Nederland<\/strong><\/figcaption><\/figure>\n\n\n\n<figure class=\"wp-block-image size-large\"><img decoding=\"async\" data-id=\"164\" src=\"https:\/\/drfritz.nl\/wp-content\/uploads\/2024\/07\/amorTherapie3.jpg\" alt=\"\" class=\"wp-image-164\"\/><figcaption class=\"wp-element-caption\">Denemarken<\/figcaption><\/figure>\n\n\n\n<figure class=\"wp-block-image size-large\"><img decoding=\"async\" data-id=\"166\" src=\"https:\/\/drfritz.nl\/wp-content\/uploads\/2024\/07\/amorTherapie1.jpg\" alt=\"\" class=\"wp-image-166\"\/><figcaption class=\"wp-element-caption\">Brazili\u00eb<\/figcaption><\/figure>\n<\/figure>\n\n\n\n<p><\/p>\n","protected":false},"excerpt":{"rendered":"<p>HOME > Cirurgia Espiritual e Terapia A.M.O.R. > Terapia A.M.O.R. Terapia A.M.O.R. Uma Abordagem Hol\u00edstica para o Bem-Estar Emocional A Terapia A.M.O.R. (acr\u00f4nimo de: Acolhimento, Miseric\u00f3rdia, Orienta\u00e7\u00e3o e Rea\u00e7\u00e3o) \u00e9 uma abordagem espiritual \u00fanica, desenvolvida pelo Dr. Fritz e Pai Joaquim.Esse m\u00e9todo combina cromoterapia e musicoterapia, oferecendo uma experi\u00eancia de cura completa. \ud83c\udfaf Qual \u00e9 [&hellip;]<\/p>\n","protected":false},"author":1,"featured_media":0,"parent":23,"menu_order":0,"comment_status":"closed","ping_status":"closed","template":"no-title-space","meta":{"footnotes":""},"class_list":["post-27","page","type-page","status-publish","hentry"],"_links":{"self":[{"href":"https:\/\/drfritz.nl\/pt\/wp-json\/wp\/v2\/pages\/27","targetHints":{"allow":["GET"]}}],"collection":[{"href":"https:\/\/drfritz.nl\/pt\/wp-json\/wp\/v2\/pages"}],"about":[{"href":"https:\/\/drfritz.nl\/pt\/wp-json\/wp\/v2\/types\/page"}],"author":[{"embeddable":true,"href":"https:\/\/drfritz.nl\/pt\/wp-json\/wp\/v2\/users\/1"}],"replies":[{"embeddable":true,"href":"https:\/\/drfritz.nl\/pt\/wp-json\/wp\/v2\/comments?post=27"}],"version-history":[{"count":2,"href":"https:\/\/drfritz.nl\/pt\/wp-json\/wp\/v2\/pages\/27\/revisions"}],"predecessor-version":[{"id":36,"href":"https:\/\/drfritz.nl\/pt\/wp-json\/wp\/v2\/pages\/27\/revisions\/36"}],"up":[{"embeddable":true,"href":"https:\/\/drfritz.nl\/pt\/wp-json\/wp\/v2\/pages\/23"}],"wp:attachment":[{"href":"https:\/\/drfritz.nl\/pt\/wp-json\/wp\/v2\/media?parent=27"}],"curies":[{"name":"wp","href":"https:\/\/api.w.org\/{rel}","templated":true}]}}