{"id":37,"date":"2025-06-22T23:07:28","date_gmt":"2025-06-22T22:07:28","guid":{"rendered":"https:\/\/drfritz.nl\/pt\/?page_id=37"},"modified":"2025-10-19T14:02:18","modified_gmt":"2025-10-19T13:02:18","slug":"sobre-nos","status":"publish","type":"page","link":"https:\/\/drfritz.nl\/pt\/sobre-nos\/","title":{"rendered":"Sobre N\u00f3s"},"content":{"rendered":"\n<p><strong><a href=\"https:\/\/drfritz.nl\/pt\/\" data-type=\"link\" data-id=\"https:\/\/drfritz.nl\/pt\/\">HOME<\/a><\/strong> &gt; Sobre N\u00f3s<\/p>\n\n\n\n<p>O <strong>Fritz Instituut Nederland<\/strong> \u00e9 o representante oficial na Holanda do <strong>Instituto Adolph Fritz<\/strong><\/p>\n\n\n\n<p>Organizamos os eventos do Instituto na Holanda e tamb\u00e9m realizamos a venda dos livros do m\u00e9dium <strong>Roberto Barbosa<\/strong>.<\/p>\n\n\n\n<p>Nossa miss\u00e3o \u00e9 aproximar a cura espiritual e o conhecimento das pessoas, com <strong>amor, dedica\u00e7\u00e3o e respeito<\/strong>.<\/p>\n\n\n\n<h3 class=\"wp-block-heading\">Quem Somos<\/h3>\n\n\n\n<p>O Instituto Adolph Fritz \u00e9 uma organiza\u00e7\u00e3o sem fins lucrativos voltada para a educa\u00e7\u00e3o e o bem-estar.<br>Nossa miss\u00e3o \u00e9 promover a sa\u00fade integral do ser humano em suas diversas dimens\u00f5es: f\u00edsica, espiritual, emocional e social.<\/p>\n\n\n\n<figure class=\"wp-block-image size-large\"><img decoding=\"async\" src=\"http:\/\/drfritz.nl\/wp-content\/uploads\/2024\/06\/dr.fritz_.nederlands-1024x576.jpg\" alt=\"\" class=\"wp-image-13\"\/><\/figure>\n\n\n\n<hr class=\"wp-block-separator has-alpha-channel-opacity\"\/>\n\n\n\n<div class=\"wp-block-columns is-layout-flex wp-container-core-columns-is-layout-28f84493 wp-block-columns-is-layout-flex\">\n<div class=\"wp-block-column is-vertically-aligned-center is-layout-flow wp-block-column-is-layout-flow\" style=\"flex-basis:15%\">\n<figure class=\"wp-block-image aligncenter size-full is-resized\"><img decoding=\"async\" src=\"http:\/\/drfritz.nl\/wp-content\/uploads\/2024\/07\/exclamation.gif\" alt=\"\" class=\"wp-image-153\" style=\"object-fit:cover;width:100px;height:auto\"\/><\/figure>\n<\/div>\n\n\n\n<div class=\"wp-block-column is-layout-flow wp-block-column-is-layout-flow\" style=\"flex-basis:85%\">\n<p>\ud83d\udc9b<strong> O Impacto das Suas Doa\u00e7\u00f5es!<\/strong><br>A renda obtida com este evento, assim como as suas doa\u00e7\u00f5es, \u00e9 <strong>totalmente direcionada ao apoio da miss\u00e3o do Instituto Adolph Fritz<\/strong>.<br>Sua contribui\u00e7\u00e3o nos ajuda n\u00e3o apenas a <strong>manter e expandir nossos projetos sociais<\/strong>, mas tamb\u00e9m a <strong>aumentar a visibilidade<\/strong> da nossa causa, alcan\u00e7ando mais pessoas que necessitam.<br>Embora nossa equipe seja formada por <strong>volunt\u00e1rios<\/strong>, ainda existem custos operacionais que precisam ser cobertos para que esse trabalho continue.<br><strong>Seu apoio torna isso poss\u00edvel<\/strong> e nos permite oferecer cada vez mais nossos servi\u00e7os a quem precisa.<\/p>\n<\/div>\n<\/div>\n\n\n\n<hr class=\"wp-block-separator has-alpha-channel-opacity\"\/>\n\n\n\n<div class=\"wp-block-columns is-layout-flex wp-container-core-columns-is-layout-28f84493 wp-block-columns-is-layout-flex\">\n<div class=\"wp-block-column is-layout-flow wp-block-column-is-layout-flow\">\n<h3 class=\"wp-block-heading has-medium-font-size\">Nossa Hist\u00f3ria<\/h3>\n\n\n\n<figure class=\"wp-block-image size-full\"><img decoding=\"async\" src=\"https:\/\/drfritz.nl\/wp-content\/uploads\/2024\/07\/InstitutFritz2.jpg\" alt=\"\" class=\"wp-image-216\"\/><\/figure>\n\n\n\n<p>Fundado por <strong>Roberto Barbosa<\/strong>, m\u00e9dium de cura, o Instituto Adolph Fritz surgiu do desejo de oferecer <strong>tratamentos espirituais de alta qualidade<\/strong>.<br>Com o aux\u00edlio de seu mentor espiritual, o <strong>Dr. Adolph Fritz<\/strong>, Roberto j\u00e1 realizou milhares de atendimentos que <strong>transformaram vidas<\/strong>.<\/p>\n<\/div>\n\n\n\n<div class=\"wp-block-column is-layout-flow wp-block-column-is-layout-flow\">\n<h3 class=\"wp-block-heading has-medium-font-size\">Nossa Miss\u00e3o<\/h3>\n\n\n\n<figure class=\"wp-block-image size-full\"><img decoding=\"async\" src=\"https:\/\/drfritz.nl\/wp-content\/uploads\/2024\/07\/InstitutFritz1.jpg\" alt=\"\" class=\"wp-image-217\"\/><\/figure>\n\n\n\n<p>Nossa institui\u00e7\u00e3o apoia <strong>projetos sociais voltados \u00e0 promo\u00e7\u00e3o da dignidade e do bem-estar humano<\/strong>, independentemente da posi\u00e7\u00e3o social das pessoas.<br>Cada a\u00e7\u00e3o \u00e9 cuidadosamente planejada para garantir que todos os envolvidos \u2014 de diferentes origens e contextos \u2014 possam alcan\u00e7ar uma vida <strong>mais digna e saud\u00e1vel<\/strong>.<\/p>\n<\/div>\n<\/div>\n\n\n\n<hr class=\"wp-block-separator has-alpha-channel-opacity\"\/>\n\n\n\n<h2 class=\"wp-block-heading has-text-align-center\">Quem \u00e9 Dr. Fritz?<\/h2>\n\n\n\n<div class=\"wp-block-columns is-layout-flex wp-container-core-columns-is-layout-28f84493 wp-block-columns-is-layout-flex\">\n<div class=\"wp-block-column is-layout-flow wp-block-column-is-layout-flow\" style=\"flex-basis:33.33%\">\n<figure class=\"wp-block-image aligncenter size-full is-resized\"><img loading=\"lazy\" decoding=\"async\" width=\"449\" height=\"449\" src=\"https:\/\/drfritz.nl\/pt\/wp-content\/uploads\/2025\/10\/drfritz-e1760000002394.png\" alt=\"\" class=\"wp-image-160\" style=\"width:250px\" srcset=\"https:\/\/drfritz.nl\/pt\/wp-content\/uploads\/2025\/10\/drfritz-e1760000002394.png 449w, https:\/\/drfritz.nl\/pt\/wp-content\/uploads\/2025\/10\/drfritz-e1760000002394-300x300.png 300w, https:\/\/drfritz.nl\/pt\/wp-content\/uploads\/2025\/10\/drfritz-e1760000002394-150x150.png 150w\" sizes=\"auto, (max-width: 449px) 100vw, 449px\" \/><\/figure>\n<\/div>\n\n\n\n<div class=\"wp-block-column is-vertically-aligned-center is-layout-flow wp-block-column-is-layout-flow\" style=\"flex-basis:66.66%\">\n<p><strong>Dr. Fritz<\/strong> \u00e9 uma renomada entidade no campo da medicina espiritual, cuja energia \u00e9 canalizada por m\u00e9diuns para realizar cirurgias espirituais. <\/p>\n\n\n\n<p>Seu trabalho baseia-se numa <strong>abordagem hol\u00edstica<\/strong> que utiliza a transfer\u00eancia de energia para remover bloqueios e estimular a capacidade de autocura do corpo, focando na conex\u00e3o entre corpo, mente e alma. <\/p>\n\n\n\n<p>Pacientes ao redor do mundo relatam experi\u00eancias positivas, que v\u00e3o desde o <strong>al\u00edvio de doen\u00e7as f\u00edsicas<\/strong> at\u00e9 um maior <strong>equil\u00edbrio emocional e paz interior<\/strong>.<\/p>\n<\/div>\n<\/div>\n\n\n\n<hr class=\"wp-block-separator has-alpha-channel-opacity\"\/>\n\n\n\n<h2 class=\"wp-block-heading has-text-align-center\">Conhe\u00e7a Nossos M\u00e9diuns<\/h2>\n\n\n\n<div class=\"wp-block-columns is-layout-flex wp-container-core-columns-is-layout-28f84493 wp-block-columns-is-layout-flex\">\n<div class=\"wp-block-column is-layout-flow wp-block-column-is-layout-flow\" style=\"flex-basis:33.33%\">\n<figure class=\"wp-block-image aligncenter size-full is-resized\"><img decoding=\"async\" src=\"https:\/\/drfritz.nl\/wp-content\/uploads\/2024\/07\/robertoBarbosa.jpg\" alt=\"\" class=\"wp-image-221\" style=\"width:250px\"\/><\/figure>\n<\/div>\n\n\n\n<div class=\"wp-block-column is-vertically-aligned-center is-layout-flow wp-block-column-is-layout-flow\" style=\"flex-basis:66.66%\">\n<p><strong>Roberto Barbosa<\/strong>, natural de Fortaleza (CE), \u00e9 Master Practitioner e Coach, com ampla experi\u00eancia em desenvolvimento pessoal e lideran\u00e7a.<br>Empres\u00e1rio do setor da constru\u00e7\u00e3o civil e fundador do Instituto Adolph Fritz, atua como m\u00e9dium de cura desde 1995.<br>\u00c9 tamb\u00e9m autor e coautor de livros sobre <strong>opera\u00e7\u00f5es espirituais e mediunidade<\/strong>, cujas edi\u00e7\u00f5es foram destinadas a obras de caridade.<\/p>\n<\/div>\n<\/div>\n\n\n\n<div class=\"wp-block-columns is-layout-flex wp-container-core-columns-is-layout-28f84493 wp-block-columns-is-layout-flex\">\n<div class=\"wp-block-column is-layout-flow wp-block-column-is-layout-flow\" style=\"flex-basis:33.33%\">\n<figure class=\"wp-block-image aligncenter size-full is-resized\"><img decoding=\"async\" src=\"https:\/\/drfritz.nl\/wp-content\/uploads\/2024\/07\/carolinaCosta.jpg\" alt=\"\" class=\"wp-image-222\" style=\"width:250px\"\/><\/figure>\n<\/div>\n\n\n\n<div class=\"wp-block-column is-vertically-aligned-center is-layout-flow wp-block-column-is-layout-flow\" style=\"flex-basis:66.66%\">\n<p><strong>Carolina Barbosa<\/strong>, tamb\u00e9m nascida em Fortaleza (CE), \u00e9 <strong>nutricionista<\/strong>, com p\u00f3s-doutorado em Nutri\u00e7\u00e3o Cl\u00ednica e Metabolismo.<br>\u00c9 terapeuta reikiana e cofundadora do Instituto Adolph Fritz, onde atua desde 2016 como <strong>coordenadora geral e m\u00e9dium de cura<\/strong>.<br>Dedica seu tempo \u00e0 fam\u00edlia e \u00e0 gest\u00e3o das atividades do Instituto, sendo uma <strong>trabalhadora comprometida com a causa do Amor<\/strong>.<\/p>\n<\/div>\n<\/div>\n\n\n\n<hr class=\"wp-block-separator has-alpha-channel-opacity\"\/>\n\n\n\n<h2 class=\"wp-block-heading has-text-align-center\">Participe e Contribua<\/h2>\n\n\n\n<div class=\"wp-block-columns is-layout-flex wp-container-core-columns-is-layout-28f84493 wp-block-columns-is-layout-flex\">\n<div class=\"wp-block-column is-vertically-aligned-center is-layout-flow wp-block-column-is-layout-flow\">\n<p>Sua <strong>participa\u00e7\u00e3o e contribui\u00e7\u00e3o<\/strong> s\u00e3o essenciais para a continuidade do nosso trabalho.<br><strong>Juntos, podemos fazer a diferen\u00e7a<\/strong> na vida de muitas pessoas, oferecendo sa\u00fade, dignidade e esperan\u00e7a.<\/p>\n\n\n\n<p><strong>Ajude-nos a ajudar mais!<\/strong><\/p>\n<\/div>\n\n\n\n<div class=\"wp-block-column is-layout-flow wp-block-column-is-layout-flow\">\n<figure class=\"wp-block-video\"><video controls src=\"https:\/\/drfritz.nl\/wp-content\/uploads\/2024\/07\/WhatsApp-Video-2024-07-03-at-11.20.19.mp4\"><\/video><\/figure>\n<\/div>\n<\/div>\n","protected":false},"excerpt":{"rendered":"<p>HOME &gt; Sobre N\u00f3s O Fritz Instituut Nederland \u00e9 o representante oficial na Holanda do Instituto Adolph Fritz Organizamos os eventos do Instituto na Holanda e tamb\u00e9m realizamos a venda dos livros do m\u00e9dium Roberto Barbosa. Nossa miss\u00e3o \u00e9 aproximar a cura espiritual e o conhecimento das pessoas, com amor, dedica\u00e7\u00e3o e respeito. Quem Somos [&hellip;]<\/p>\n","protected":false},"author":1,"featured_media":0,"parent":0,"menu_order":0,"comment_status":"closed","ping_status":"closed","template":"no-title-space","meta":{"footnotes":""},"class_list":["post-37","page","type-page","status-publish","hentry"],"_links":{"self":[{"href":"https:\/\/drfritz.nl\/pt\/wp-json\/wp\/v2\/pages\/37","targetHints":{"allow":["GET"]}}],"collection":[{"href":"https:\/\/drfritz.nl\/pt\/wp-json\/wp\/v2\/pages"}],"about":[{"href":"https:\/\/drfritz.nl\/pt\/wp-json\/wp\/v2\/types\/page"}],"author":[{"embeddable":true,"href":"https:\/\/drfritz.nl\/pt\/wp-json\/wp\/v2\/users\/1"}],"replies":[{"embeddable":true,"href":"https:\/\/drfritz.nl\/pt\/wp-json\/wp\/v2\/comments?post=37"}],"version-history":[{"count":7,"href":"https:\/\/drfritz.nl\/pt\/wp-json\/wp\/v2\/pages\/37\/revisions"}],"predecessor-version":[{"id":167,"href":"https:\/\/drfritz.nl\/pt\/wp-json\/wp\/v2\/pages\/37\/revisions\/167"}],"wp:attachment":[{"href":"https:\/\/drfritz.nl\/pt\/wp-json\/wp\/v2\/media?parent=37"}],"curies":[{"name":"wp","href":"https:\/\/api.w.org\/{rel}","templated":true}]}}