{"id":81,"date":"2025-07-05T02:04:07","date_gmt":"2025-07-05T01:04:07","guid":{"rendered":"https:\/\/drfritz.nl\/pt\/?page_id=81"},"modified":"2025-11-18T21:26:54","modified_gmt":"2025-11-18T21:26:54","slug":"inscricao","status":"publish","type":"page","link":"https:\/\/drfritz.nl\/pt\/seminario\/inscricao\/","title":{"rendered":"Inscri\u00e7\u00e3o"},"content":{"rendered":"\n<p><strong><a href=\"https:\/\/drfritz.nl\/pt\/\" data-type=\"page\" data-id=\"50\">HOME<\/a><\/strong> &gt; <a href=\"https:\/\/drfritz.nl\/pt\/seminario\/\" data-type=\"page\" data-id=\"21\">Semin\u00e1rio: Mediunidade e suas pr\u00e1ticas<\/a> &gt; Inscri\u00e7\u00e3o<\/p>\n\n\n<p>Atualmente n\u00e3o h\u00e1 eventos programados. Por favor, volte mais tarde.<\/p>\n","protected":false},"excerpt":{"rendered":"<p>HOME &gt; Semin\u00e1rio: Mediunidade e suas pr\u00e1ticas &gt; Inscri\u00e7\u00e3o<\/p>\n","protected":false},"author":1,"featured_media":0,"parent":21,"menu_order":0,"comment_status":"closed","ping_status":"closed","template":"no-title-space","meta":{"footnotes":""},"class_list":["post-81","page","type-page","status-publish","hentry"],"_links":{"self":[{"href":"https:\/\/drfritz.nl\/pt\/wp-json\/wp\/v2\/pages\/81","targetHints":{"allow":["GET"]}}],"collection":[{"href":"https:\/\/drfritz.nl\/pt\/wp-json\/wp\/v2\/pages"}],"about":[{"href":"https:\/\/drfritz.nl\/pt\/wp-json\/wp\/v2\/types\/page"}],"author":[{"embeddable":true,"href":"https:\/\/drfritz.nl\/pt\/wp-json\/wp\/v2\/users\/1"}],"replies":[{"embeddable":true,"href":"https:\/\/drfritz.nl\/pt\/wp-json\/wp\/v2\/comments?post=81"}],"version-history":[{"count":4,"href":"https:\/\/drfritz.nl\/pt\/wp-json\/wp\/v2\/pages\/81\/revisions"}],"predecessor-version":[{"id":172,"href":"https:\/\/drfritz.nl\/pt\/wp-json\/wp\/v2\/pages\/81\/revisions\/172"}],"up":[{"embeddable":true,"href":"https:\/\/drfritz.nl\/pt\/wp-json\/wp\/v2\/pages\/21"}],"wp:attachment":[{"href":"https:\/\/drfritz.nl\/pt\/wp-json\/wp\/v2\/media?parent=81"}],"curies":[{"name":"wp","href":"https:\/\/api.w.org\/{rel}","templated":true}]}}